{"id":935,"date":"2026-02-19T03:14:24","date_gmt":"2026-02-19T03:14:24","guid":{"rendered":"https:\/\/www.jhsafeinvestments.com\/?page_id=935"},"modified":"2026-02-26T03:41:53","modified_gmt":"2026-02-26T03:41:53","slug":"servicios-corporativos","status":"publish","type":"page","link":"https:\/\/www.jhsafeinvestments.com\/en\/servicios-corporativos\/","title":{"rendered":"Corporate Services"},"content":{"rendered":"<div data-elementor-type=\"wp-page\" data-elementor-id=\"935\" class=\"elementor elementor-935\" data-elementor-post-type=\"page\">\n\t\t\t\t<div class=\"elementor-element elementor-element-e3561c6 pbmit-bg-color-yes pbmit-elementor-bg-color-light pbmit-bg-image-over-color e-flex e-con-boxed e-con e-parent\" data-id=\"e3561c6\" data-element_type=\"container\" data-e-type=\"container\" data-settings=\"{&quot;background_background&quot;:&quot;gradient&quot;}\">\n\t\t\t\t\t<div class=\"e-con-inner\">\n\t\t<div class=\"elementor-element elementor-element-4cd4302 e-con-full elementor-hidden-tablet_extra pbmit-bg-image-over-color e-flex e-con e-child\" data-id=\"4cd4302\" data-element_type=\"container\" data-e-type=\"container\">\n\t\t\t\t<div class=\"elementor-element elementor-element-a6efaa1 elementor-widget-mobile__width-inherit pbmit-animation-none elementor-widget elementor-widget-image\" data-id=\"a6efaa1\" data-element_type=\"widget\" data-e-type=\"widget\" data-widget_type=\"image.default\">\n\t\t\t\t\t\t\t\t\t\t\t\t\t\t\t<img fetchpriority=\"high\" decoding=\"async\" width=\"800\" height=\"1000\" src=\"https:\/\/www.jhsafeinvestments.com\/wp-content\/uploads\/2026\/02\/giros.webp\" class=\"attachment-full size-full wp-image-939\" alt=\"\" srcset=\"https:\/\/www.jhsafeinvestments.com\/wp-content\/uploads\/2026\/02\/giros.webp 800w, https:\/\/www.jhsafeinvestments.com\/wp-content\/uploads\/2026\/02\/giros-240x300.webp 240w, https:\/\/www.jhsafeinvestments.com\/wp-content\/uploads\/2026\/02\/giros-768x960.webp 768w, https:\/\/www.jhsafeinvestments.com\/wp-content\/uploads\/2026\/02\/giros-600x750.webp 600w\" sizes=\"(max-width: 800px) 100vw, 800px\" \/>\t\t\t\t\t\t\t\t\t\t\t\t\t\t\t<\/div>\n\t\t\t\t<\/div>\n\t\t<div class=\"elementor-element elementor-element-2dfa8dd e-con-full pbmit-bg-image-over-color e-flex e-con e-child\" data-id=\"2dfa8dd\" data-element_type=\"container\" data-e-type=\"container\">\n\t\t<div class=\"elementor-element elementor-element-ab1efdc e-con-full pbmit-bg-image-over-color e-flex e-con e-child\" data-id=\"ab1efdc\" data-element_type=\"container\" data-e-type=\"container\">\n\t\t<div class=\"elementor-element elementor-element-b9f82e7 e-con-full pbmit-bg-image-over-color e-flex e-con e-child\" data-id=\"b9f82e7\" data-element_type=\"container\" data-e-type=\"container\">\n\t\t\t\t<div class=\"elementor-element elementor-element-3c54585 pbmit-ele-header-align-left elementor-widget elementor-widget-pbmit_heading\" data-id=\"3c54585\" data-element_type=\"widget\" data-e-type=\"widget\" data-widget_type=\"pbmit_heading.default\">\n\t\t\t\t<div class=\"elementor-widget-container\">\n\t\t\t\t\t <div class=\"pbmit-heading-subheading pbmit-reverse-heading-yes animation-style3\"> <div><h4 class=\"pbmit-element-subtitle\"><span>\r\n\t\t\t\t<\/span>\r\n\t\t\t\t\r\n\t\t\t\t\tCorporate Services\r\n\t\t\t\t\r\n\t\t\t\t<\/h4>\r\n\t\t\t<h4 class=\"pbmit-element-title\">\r\n\t\t\t\t\r\n\t\t\t\t\tInternational financial solutions for companies operating in regulated and high volume environments.\r\n\t\t\t\t\r\n\t\t\t\t<\/h4>\r\n\t\t\t<\/div><\/div>\t\t\t\t<\/div>\n\t\t\t\t<\/div>\n\t\t\t\t<div class=\"elementor-element elementor-element-f6ef1ee elementor-widget elementor-widget-text-editor\" data-id=\"f6ef1ee\" data-element_type=\"widget\" data-e-type=\"widget\" data-widget_type=\"text-editor.default\">\n\t\t\t\t\t\t\t\t\t<p>where efficiency, traceability and compliance are critical.<\/p><p><strong>International payments via SWIFT<\/strong><\/p><p>We manage international transfers through the SWIFT network, working with first level correspondent banks.<br \/>Our operations allow companies to execute foreign payments with documented confirmation (MT103), efficient crediting times and full traceability of the financial flow.<\/p><p><strong>Management and receipt of corporate funds<\/strong><\/p><p>We facilitate the reception and administration of funds in Bolivia and Peru, offering clear operational structures for companies that require reliable alternatives to the restrictions of the traditional banking system.<br \/>Each operation is executed under formal contracts and comprehensive legal support.<\/p><p><strong>Corporate liquidity through digital assets<\/strong><\/p><p>We integrate the use of digital assets (USDT, USDC, BTC and ETH) as corporate liquidity management tools, maintaining formal, controlled processes aligned with internal compliance policies.<\/p><p><strong>Corporate OTC services<\/strong><\/p><p>We offer OTC (Over The Counter) services for the conversion of digital assets to bank USD and vice versa, oriented to companies that handle relevant volumes and require direct execution, confidentiality and operational stability.<\/p><p><strong>Documentary, legal and compliance management<\/strong><\/p><p>All our operations include:<\/p><ul><li>Contracts and operating annexes<\/li><li>Statement of source of funds<\/li><li>Accounting and legal support<\/li><li>KYC \/ AML Processes<\/li><li>This allows our clients to operate with legal certainty and financial order.<\/li><li>Personalized business service<\/li><\/ul><p>We assign a dedicated executive to each corporate client, ensuring continuous follow-up, direct communication and structuring of tailor-made operations, according to the profile and needs of the business.<\/p>\t\t\t\t\t\t\t\t<\/div>\n\t\t\t\t<\/div>\n\t\t\t\t<\/div>\n\t\t\t\t<\/div>\n\t\t\t\t\t<\/div>\n\t\t\t\t<\/div>\n\t\t\t\t<\/div>","protected":false},"excerpt":{"rendered":"<p>Servicios Corporactivos Soluciones financieras internacionales orientadas a empresas que operan en entornos regulados y de alto volumen donde la eficiencia, la trazabilidad y el cumplimiento normativo son cr\u00edticos. Pagos internacionales v\u00eda SWIFT Gestionamos transferencias internacionales a trav\u00e9s de la red SWIFT, trabajando con bancos corresponsales de primer nivel.Nuestras operaciones permiten a las empresas ejecutar pagos [&hellip;]<\/p>\n","protected":false},"author":1,"featured_media":0,"parent":0,"menu_order":0,"comment_status":"closed","ping_status":"closed","template":"","meta":{"_acf_changed":false,"footnotes":""},"class_list":["post-935","page","type-page","status-publish","hentry"],"acf":[],"_links":{"self":[{"href":"https:\/\/www.jhsafeinvestments.com\/en\/wp-json\/wp\/v2\/pages\/935","targetHints":{"allow":["GET"]}}],"collection":[{"href":"https:\/\/www.jhsafeinvestments.com\/en\/wp-json\/wp\/v2\/pages"}],"about":[{"href":"https:\/\/www.jhsafeinvestments.com\/en\/wp-json\/wp\/v2\/types\/page"}],"author":[{"embeddable":true,"href":"https:\/\/www.jhsafeinvestments.com\/en\/wp-json\/wp\/v2\/users\/1"}],"replies":[{"embeddable":true,"href":"https:\/\/www.jhsafeinvestments.com\/en\/wp-json\/wp\/v2\/comments?post=935"}],"version-history":[{"count":16,"href":"https:\/\/www.jhsafeinvestments.com\/en\/wp-json\/wp\/v2\/pages\/935\/revisions"}],"predecessor-version":[{"id":1139,"href":"https:\/\/www.jhsafeinvestments.com\/en\/wp-json\/wp\/v2\/pages\/935\/revisions\/1139"}],"wp:attachment":[{"href":"https:\/\/www.jhsafeinvestments.com\/en\/wp-json\/wp\/v2\/media?parent=935"}],"curies":[{"name":"wp","href":"https:\/\/api.w.org\/{rel}","templated":true}]}}