{"id":122,"date":"2025-08-11T04:37:29","date_gmt":"2025-08-11T04:37:29","guid":{"rendered":"http:\/\/gudfin-demo.pbminfotech.com\/demo-01\/?page_id=3806"},"modified":"2026-04-03T01:30:18","modified_gmt":"2026-04-03T01:30:18","slug":"servicios","status":"publish","type":"page","link":"http:\/\/www.jhsafeinvestments.com\/en\/servicios\/","title":{"rendered":"Services"},"content":{"rendered":"<div data-elementor-type=\"wp-page\" data-elementor-id=\"122\" class=\"elementor elementor-122\" data-elementor-post-type=\"page\">\n\t\t\t\t<div class=\"elementor-element elementor-element-e3561c6 pbmit-bg-color-yes pbmit-elementor-bg-color-light pbmit-bg-image-over-color e-flex e-con-boxed e-con e-parent\" data-id=\"e3561c6\" data-element_type=\"container\" data-e-type=\"container\" data-settings=\"{&quot;background_background&quot;:&quot;gradient&quot;}\">\n\t\t\t\t\t<div class=\"e-con-inner\">\n\t\t<div class=\"elementor-element elementor-element-4cd4302 e-con-full elementor-hidden-tablet_extra pbmit-bg-image-over-color e-flex e-con e-child\" data-id=\"4cd4302\" data-element_type=\"container\" data-e-type=\"container\">\n\t\t\t\t<div class=\"elementor-element elementor-element-a6efaa1 elementor-widget-mobile__width-inherit pbmit-animation-none elementor-widget elementor-widget-image\" data-id=\"a6efaa1\" data-element_type=\"widget\" data-e-type=\"widget\" data-widget_type=\"image.default\">\n\t\t\t\t\t\t\t\t\t\t\t\t\t\t\t<img fetchpriority=\"high\" decoding=\"async\" width=\"1440\" height=\"1800\" src=\"https:\/\/www.jhsafeinvestments.com\/wp-content\/uploads\/2026\/02\/623328493_122157174944716985_3073308090347334609_n.jpg\" class=\"attachment-full size-full wp-image-915\" alt=\"\" srcset=\"https:\/\/www.jhsafeinvestments.com\/wp-content\/uploads\/2026\/02\/623328493_122157174944716985_3073308090347334609_n.jpg 1440w, https:\/\/www.jhsafeinvestments.com\/wp-content\/uploads\/2026\/02\/623328493_122157174944716985_3073308090347334609_n-240x300.jpg 240w, https:\/\/www.jhsafeinvestments.com\/wp-content\/uploads\/2026\/02\/623328493_122157174944716985_3073308090347334609_n-819x1024.jpg 819w, https:\/\/www.jhsafeinvestments.com\/wp-content\/uploads\/2026\/02\/623328493_122157174944716985_3073308090347334609_n-768x960.jpg 768w, https:\/\/www.jhsafeinvestments.com\/wp-content\/uploads\/2026\/02\/623328493_122157174944716985_3073308090347334609_n-1229x1536.jpg 1229w, https:\/\/www.jhsafeinvestments.com\/wp-content\/uploads\/2026\/02\/623328493_122157174944716985_3073308090347334609_n-600x750.jpg 600w\" sizes=\"(max-width: 1440px) 100vw, 1440px\" \/>\t\t\t\t\t\t\t\t\t\t\t\t\t\t\t<\/div>\n\t\t\t\t<\/div>\n\t\t<div class=\"elementor-element elementor-element-2dfa8dd e-con-full pbmit-bg-image-over-color e-flex e-con e-child\" data-id=\"2dfa8dd\" data-element_type=\"container\" data-e-type=\"container\">\n\t\t<div class=\"elementor-element elementor-element-ab1efdc e-con-full pbmit-bg-image-over-color e-flex e-con e-child\" data-id=\"ab1efdc\" data-element_type=\"container\" data-e-type=\"container\">\n\t\t<div class=\"elementor-element elementor-element-b9f82e7 e-con-full pbmit-bg-image-over-color e-flex e-con e-child\" data-id=\"b9f82e7\" data-element_type=\"container\" data-e-type=\"container\">\n\t\t\t\t<div class=\"elementor-element elementor-element-3c54585 pbmit-ele-header-align-left elementor-widget elementor-widget-pbmit_heading\" data-id=\"3c54585\" data-element_type=\"widget\" data-e-type=\"widget\" data-widget_type=\"pbmit_heading.default\">\n\t\t\t\t<div class=\"elementor-widget-container\">\n\t\t\t\t\t <div class=\"pbmit-heading-subheading pbmit-reverse-heading-yes animation-style3\"> <div><h4 class=\"pbmit-element-subtitle\"><span>\r\n\t\t\t\t<\/span>\r\n\t\t\t\t\r\n\t\t\t\t\tServices\r\n\t\t\t\t\r\n\t\t\t\t<\/h4>\r\n\t\t\t<h4 class=\"pbmit-element-title\">\r\n\t\t\t\t\r\n\t\t\t\t\tTailor-made international financial solutions\u00a0\r\n\t\t\t\t\r\n\t\t\t\t<\/h4>\r\n\t\t\t<\/div><\/div>\t\t\t\t<\/div>\n\t\t\t\t<\/div>\n\t\t\t\t<div class=\"elementor-element elementor-element-f6ef1ee elementor-widget elementor-widget-text-editor\" data-id=\"f6ef1ee\" data-element_type=\"widget\" data-e-type=\"widget\" data-widget_type=\"text-editor.default\">\n\t\t\t\t\t\t\t\t\t<p>At JH Safe Investments we offer solutions designed for those who need speed, control and real support in every operation.<\/p><p><strong>International transfers (SWIFT)<\/strong><\/p><p>Payments abroad through first class correspondent banking, with full traceability and MT103 confirmation to Europe, USA, Asia and Latin America.<\/p><p><strong>Receipt of funds in Bolivia<\/strong><\/p><p>We facilitate capital inflows with secure structures, contracts and legal backing, even in scenarios with banking restrictions.<\/p><p><strong>Purchase and sale of digital assets (OTC)<\/strong><\/p><p>We trade USDT, USDC, BTC and ETH to provide liquidity, fast conversions and efficient solutions for international payments.<\/p><p><strong>Crypto Conversion <\/strong><strong>\u21c4 Fiat<\/strong><\/p><p>Exchange between Crypto, USD and Bolivianos through OTC operations, with personalized attention and efficient execution.<\/p><p><strong>Document management and compliance<\/strong><\/p><p>Each transaction includes contracts, source of funds disclosure and KYC \/ AML compliance, ensuring full transparency.<\/p><p>Personalized attention<\/p><p>We structure each operation according to the volume, urgency and profile of the client.<\/p><p>Real solutions. Precise execution. Frictionless.<\/p>\t\t\t\t\t\t\t\t<\/div>\n\t\t\t\t<\/div>\n\t\t\t\t<\/div>\n\t\t\t\t<\/div>\n\t\t\t\t\t<\/div>\n\t\t\t\t<\/div>\n\t\t\t\t<\/div>","protected":false},"excerpt":{"rendered":"<p>Servicios Soluciones financieras internacionales a tu medida\u00a0 En JH Safe Investments ofrecemos soluciones dise\u00f1adas para quienes necesitan rapidez, control y respaldo real en cada operaci\u00f3n. Transferencias internacionales (SWIFT) Pagos al exterior a trav\u00e9s de banca corresponsal de primer nivel, con trazabilidad completa y confirmaci\u00f3n MT103 hacia Europa, EE.UU., Asia y Latinoam\u00e9rica. Recepci\u00f3n de fondos en [&hellip;]<\/p>\n","protected":false},"author":1,"featured_media":0,"parent":0,"menu_order":0,"comment_status":"closed","ping_status":"closed","template":"","meta":{"_acf_changed":false,"footnotes":""},"class_list":["post-122","page","type-page","status-publish","hentry"],"acf":[],"_links":{"self":[{"href":"http:\/\/www.jhsafeinvestments.com\/en\/wp-json\/wp\/v2\/pages\/122","targetHints":{"allow":["GET"]}}],"collection":[{"href":"http:\/\/www.jhsafeinvestments.com\/en\/wp-json\/wp\/v2\/pages"}],"about":[{"href":"http:\/\/www.jhsafeinvestments.com\/en\/wp-json\/wp\/v2\/types\/page"}],"author":[{"embeddable":true,"href":"http:\/\/www.jhsafeinvestments.com\/en\/wp-json\/wp\/v2\/users\/1"}],"replies":[{"embeddable":true,"href":"http:\/\/www.jhsafeinvestments.com\/en\/wp-json\/wp\/v2\/comments?post=122"}],"version-history":[{"count":64,"href":"http:\/\/www.jhsafeinvestments.com\/en\/wp-json\/wp\/v2\/pages\/122\/revisions"}],"predecessor-version":[{"id":1317,"href":"http:\/\/www.jhsafeinvestments.com\/en\/wp-json\/wp\/v2\/pages\/122\/revisions\/1317"}],"wp:attachment":[{"href":"http:\/\/www.jhsafeinvestments.com\/en\/wp-json\/wp\/v2\/media?parent=122"}],"curies":[{"name":"wp","href":"https:\/\/api.w.org\/{rel}","templated":true}]}}