{"id":1071,"date":"2026-02-19T16:24:40","date_gmt":"2026-02-19T16:24:40","guid":{"rendered":"https:\/\/www.jhsafeinvestments.com\/?page_id=1071"},"modified":"2026-04-03T01:34:33","modified_gmt":"2026-04-03T01:34:33","slug":"quienes-somos","status":"publish","type":"page","link":"http:\/\/www.jhsafeinvestments.com\/en\/quienes-somos\/","title":{"rendered":"Who we are"},"content":{"rendered":"<div data-elementor-type=\"wp-page\" data-elementor-id=\"1071\" class=\"elementor elementor-1071\" data-elementor-post-type=\"page\">\n\t\t\t\t<div class=\"elementor-element elementor-element-e3561c6 pbmit-bg-color-yes pbmit-elementor-bg-color-light pbmit-bg-image-over-color e-flex e-con-boxed e-con e-parent\" data-id=\"e3561c6\" data-element_type=\"container\" data-e-type=\"container\" data-settings=\"{&quot;background_background&quot;:&quot;gradient&quot;}\">\n\t\t\t\t\t<div class=\"e-con-inner\">\n\t\t<div class=\"elementor-element elementor-element-2dfa8dd e-con-full pbmit-bg-image-over-color e-flex e-con e-child\" data-id=\"2dfa8dd\" data-element_type=\"container\" data-e-type=\"container\">\n\t\t<div class=\"elementor-element elementor-element-ab1efdc e-con-full pbmit-bg-image-over-color e-flex e-con e-child\" data-id=\"ab1efdc\" data-element_type=\"container\" data-e-type=\"container\">\n\t\t<div class=\"elementor-element elementor-element-b9f82e7 e-con-full pbmit-bg-image-over-color e-flex e-con e-child\" data-id=\"b9f82e7\" data-element_type=\"container\" data-e-type=\"container\">\n\t\t\t\t<div class=\"elementor-element elementor-element-f6ef1ee elementor-widget elementor-widget-text-editor\" data-id=\"f6ef1ee\" data-element_type=\"widget\" data-e-type=\"widget\" data-widget_type=\"text-editor.default\">\n\t\t\t\t\t\t\t\t\t<p><strong><span lang=\"ES\" style=\"font-family: Arial, sans-serif;\">JH Safe Investments<\/span><\/strong><span lang=\"ES\" style=\"font-family: 'Arial',sans-serif;\"> is a firm specializing in international financial solutions, focused on <strong><span style=\"font-family: 'Arial',sans-serif; font-weight: normal;\">transfers abroad via SWIFT, receipt of funds in Bolivia and trading of OTC cryptoassets in large volumes.<\/span><\/strong>.<\/span><\/p><p><span lang=\"ES\" style=\"font-family: 'Arial',sans-serif;\">We were born to respond to a real need: companies and individuals who face limitations in traditional banking and require reliable alternatives to move capital globally without friction. Today we operate in <strong><span style=\"font-family: 'Arial',sans-serif; font-weight: normal;\">Bolivia, Peru, the United States and the United Arab Emirates<\/span><\/strong>, connecting our clients with the international financial system.<\/span><\/p><p><span lang=\"ES\" style=\"font-family: 'Arial',sans-serif;\">We work under <strong><span style=\"font-family: 'Arial',sans-serif; font-weight: normal;\">clear processes, complete documentation and legal backing<\/span><\/strong>, which allows us to execute operations <strong><span style=\"font-family: 'Arial',sans-serif; font-weight: normal;\">fast, secure, traceable and aligned with KYC \/ AML standards<\/span><\/strong>. We operate with <strong><span style=\"font-family: 'Arial',sans-serif; font-weight: normal;\">USD, USDT and USDC<\/span><\/strong>, through correspondent banks and first-class strategic allies.<\/span><\/p><p><span lang=\"ES\" style=\"font-family: 'Arial',sans-serif;\">We focus on <strong><span style=\"font-family: 'Arial',sans-serif; font-weight: normal;\">execute concrete financial solutions with precision and speed<\/span><\/strong>.<\/span><\/p><p><strong>We move money. We move trust. We move business.<\/strong><\/p>\t\t\t\t\t\t\t\t<\/div>\n\t\t\t\t<\/div>\n\t\t\t\t<\/div>\n\t\t\t\t<\/div>\n\t\t\t\t\t<\/div>\n\t\t\t\t<\/div>\n\t\t\t\t<\/div>","protected":false},"excerpt":{"rendered":"<p>JH Safe Investments es una firma especializada en soluciones financieras internacionales, enfocada en transferencias al exterior v\u00eda SWIFT, recepci\u00f3n de fondos en Bolivia y compraventa de criptoactivos OTC en grandes vol\u00famenes. Nacimos para responder a una necesidad real: empresas y personas que enfrentan limitaciones en la banca tradicional y requieren alternativas confiables para mover capital [&hellip;]<\/p>\n","protected":false},"author":1,"featured_media":0,"parent":0,"menu_order":0,"comment_status":"closed","ping_status":"closed","template":"","meta":{"_acf_changed":false,"footnotes":""},"class_list":["post-1071","page","type-page","status-publish","hentry"],"acf":[],"_links":{"self":[{"href":"http:\/\/www.jhsafeinvestments.com\/en\/wp-json\/wp\/v2\/pages\/1071","targetHints":{"allow":["GET"]}}],"collection":[{"href":"http:\/\/www.jhsafeinvestments.com\/en\/wp-json\/wp\/v2\/pages"}],"about":[{"href":"http:\/\/www.jhsafeinvestments.com\/en\/wp-json\/wp\/v2\/types\/page"}],"author":[{"embeddable":true,"href":"http:\/\/www.jhsafeinvestments.com\/en\/wp-json\/wp\/v2\/users\/1"}],"replies":[{"embeddable":true,"href":"http:\/\/www.jhsafeinvestments.com\/en\/wp-json\/wp\/v2\/comments?post=1071"}],"version-history":[{"count":13,"href":"http:\/\/www.jhsafeinvestments.com\/en\/wp-json\/wp\/v2\/pages\/1071\/revisions"}],"predecessor-version":[{"id":1320,"href":"http:\/\/www.jhsafeinvestments.com\/en\/wp-json\/wp\/v2\/pages\/1071\/revisions\/1320"}],"wp:attachment":[{"href":"http:\/\/www.jhsafeinvestments.com\/en\/wp-json\/wp\/v2\/media?parent=1071"}],"curies":[{"name":"wp","href":"https:\/\/api.w.org\/{rel}","templated":true}]}}